{"id":30,"date":"2020-04-18T16:31:42","date_gmt":"2020-04-18T16:31:42","guid":{"rendered":"http:\/\/adam-kessler.de\/?page_id=30"},"modified":"2022-02-28T08:14:53","modified_gmt":"2022-02-28T08:14:53","slug":"impressum","status":"publish","type":"page","link":"https:\/\/adam-kessler.de\/?page_id=30","title":{"rendered":"Impressum"},"content":{"rendered":"\n<div class=\"wp-block-group\"><div class=\"wp-block-group__inner-container is-layout-flow wp-block-group-is-layout-flow\">\n<p><span style=\"text-decoration: underline;\">Pflichtangaben nach \u00a7 5 Abs. 1 TMG<\/span><br>Dr. med. Ulrich Adam-Ke\u00dfler<br>Wilhelminenhofstr. 18<br>12459 Berlin<\/p>\n\n\n\n<div class=\"wp-block-group\"><div class=\"wp-block-group__inner-container is-layout-flow wp-block-group-is-layout-flow\"><\/div><\/div>\n\n\n\n<p><\/p>\n<\/div><\/div>\n\n\n\n<p><span style=\"text-decoration: underline;\">Kontakt<\/span><br>Telefon und Fax: 030\/ 53 00 03 76<br>E-Mail: therapie@adam-kessler.de<\/p>\n\n\n\n<p><span style=\"text-decoration: underline;\">Aufsichtsbeh\u00f6rde<\/span><br>Landesamt f\u00fcr Gesundheit und Soziales (LAGeSo)<br>Postanschrift: Postfach 31 09 29, 10639 Berlin<br>Telefon: 030 \/ 90229-0<\/p>\n\n\n\n<p><span style=\"text-decoration: underline;\">Zust\u00e4ndige \u00c4rztekammer<\/span><br>\u00c4rztekammer Berlin<br>Friedrichstr. 16<br>10969 Berlin<\/p>\n\n\n\n<p>Berufsbezeichnung<br>Facharzt f\u00fcr Psychosomatische Medizin und Psychotherapie<br>Approbation und Facharztbezeichnung verliehen in der Bundesrepublik Deutschland<br><br>Berufsrechtliche Regelung<br>Berufsordnung der \u00c4rztekammer Berlin, abrufbar unter <br>https:\/\/www.aerztekammer-berlin.de (dort: \u00c4rzte, Recht, Rechtsgrundlagen).<\/p>\n\n\n\n<p><span style=\"text-decoration: underline;\">Streitschlichtung<\/span><br>Die Europ\u00e4ische Kommission stellt eine Plattform zur Online-Streitbeilegung (OS) bereit: https:\/\/ec.europa.eu\/consumers\/odr.<br>Meine E-Mail-Adresse finden Sie oben im Impressum.<br>Ich bin nicht bereit oder verpflichtet, an Streitbeilegungsverfahren vor einer Verbraucherschlichtungsstelle teilzunehmen.<\/p>\n\n\n\n<p><span style=\"text-decoration: underline;\">Haftung f\u00fcr Inhalte<\/span><br>Als Diensteanbieter bin ich gem\u00e4\u00df \u00a7 7 Abs.1 TMG f\u00fcr eigene Inhalte auf diesen Seiten nach den allgemeinen Gesetzen verantwortlich. Nach \u00a7\u00a7 8 bis 10 TMG bin ich als Diensteanbieter jedoch nicht verpflichtet, \u00fcbermittelte oder gespeicherte fremde Informationen zu \u00fcberwachen oder nach Umst\u00e4nden zu forschen, die auf eine rechtswidrige T\u00e4tigkeit hinweisen. Verpflichtungen zur Entfernung oder Sperrung der Nutzung von Informationen nach den allgemeinen Gesetzen bleiben hiervon unber\u00fchrt. Eine diesbez\u00fcgliche Haftung ist jedoch erst ab dem Zeitpunkt der Kenntnis einer konkreten Rechtsverletzung m\u00f6glich. Bei Bekanntwerden von entsprechenden Rechtsverletzungen werde ich diese Inhalte umgehend entfernen.<\/p>\n\n\n\n<p><span style=\"text-decoration: underline;\">Haftung f\u00fcr Links<\/span><br>Mein Angebot enth\u00e4lt Links zu externen Websites Dritter, auf deren Inhalte ich keinen Einfluss habe. Deshalb kann ich f\u00fcr diese fremden Inhalte auch keine Gew\u00e4hr \u00fcbernehmen. F\u00fcr die Inhalte der verlinkten Seiten ist stets der jeweilige Anbieter oder Betreiber der Seiten verantwortlich. Die verlinkten Seiten wurden zum Zeitpunkt der Verlinkung auf m\u00f6gliche Rechtsverst\u00f6\u00dfe \u00fcberpr\u00fcft. Rechtswidrige Inhalte waren zum Zeitpunkt der Verlinkung nicht erkennbar.<br>Eine permanente inhaltliche Kontrolle der verlinkten Seiten ist jedoch ohne konkrete Anhaltspunkte einer Rechtsverletzung nicht zumutbar. Bei Bekanntwerden von Rechtsverletzungen werde ich derartige Links umgehend entfernen.<\/p>\n\n\n\n<p><span style=\"text-decoration: underline;\">Urheberrecht<\/span><br>Die durch die Seitenbetreiber erstellten Inhalte und Werke auf diesen Seiten unterliegen dem deutschen Urheberrecht. Die Vervielf\u00e4ltigung, Bearbeitung, Verbreitung und jede Art der Verwertung au\u00dferhalb der Grenzen des Urheberrechtes bed\u00fcrfen der schriftlichen Zustimmung des jeweiligen Autors bzw. Erstellers. Downloads und Kopien dieser Seite sind nur f\u00fcr den privaten, nicht kommerziellen Gebrauch gestattet.<br>Soweit die Inhalte auf dieser Seite nicht vom Betreiber erstellt wurden, werden die Urheberrechte Dritter beachtet. Insbesondere werden Inhalte Dritter als solche gekennzeichnet. Sollten Sie trotzdem auf eine Urheberrechtsverletzung aufmerksam werden, bitte ich Sie um einen entsprechenden Hinweis. Bei Bekanntwerden von Rechtsverletzungen werde ich derartige Inhalte umgehend entfernen.<\/p>\n\n\n\n<p><a href=\"http:\/\/adam-kessler.de\/?page_id=53\">Datenschutzerkl\u00e4rung<\/a><\/p>\n","protected":false},"excerpt":{"rendered":"<p>Pflichtangaben nach \u00a7 5 Abs. 1 TMGDr. med. Ulrich Adam-Ke\u00dflerWilhelminenhofstr. 1812459 Berlin KontaktTelefon und Fax: 030\/ 53 00 03 76E-Mail: therapie@adam-kessler.de Aufsichtsbeh\u00f6rdeLandesamt f\u00fcr Gesundheit und Soziales (LAGeSo)Postanschrift: Postfach 31 09 29, 10639 BerlinTelefon: 030 \/ 90229-0 Zust\u00e4ndige \u00c4rztekammer\u00c4rztekammer BerlinFriedrichstr. 1610969 Berlin BerufsbezeichnungFacharzt f\u00fcr Psychosomatische Medizin und PsychotherapieApprobation und Facharztbezeichnung verliehen in der Bundesrepublik Deutschland Berufsrechtliche &#8230; <a title=\"Impressum\" class=\"read-more\" href=\"https:\/\/adam-kessler.de\/?page_id=30\" aria-label=\"Mehr Informationen \u00fcber Impressum\">Weiterlesen<\/a><\/p>\n","protected":false},"author":1,"featured_media":0,"parent":0,"menu_order":0,"comment_status":"closed","ping_status":"closed","template":"","meta":{"footnotes":""},"class_list":["post-30","page","type-page","status-publish"],"_links":{"self":[{"href":"https:\/\/adam-kessler.de\/index.php?rest_route=\/wp\/v2\/pages\/30","targetHints":{"allow":["GET"]}}],"collection":[{"href":"https:\/\/adam-kessler.de\/index.php?rest_route=\/wp\/v2\/pages"}],"about":[{"href":"https:\/\/adam-kessler.de\/index.php?rest_route=\/wp\/v2\/types\/page"}],"author":[{"embeddable":true,"href":"https:\/\/adam-kessler.de\/index.php?rest_route=\/wp\/v2\/users\/1"}],"replies":[{"embeddable":true,"href":"https:\/\/adam-kessler.de\/index.php?rest_route=%2Fwp%2Fv2%2Fcomments&post=30"}],"version-history":[{"count":7,"href":"https:\/\/adam-kessler.de\/index.php?rest_route=\/wp\/v2\/pages\/30\/revisions"}],"predecessor-version":[{"id":333,"href":"https:\/\/adam-kessler.de\/index.php?rest_route=\/wp\/v2\/pages\/30\/revisions\/333"}],"wp:attachment":[{"href":"https:\/\/adam-kessler.de\/index.php?rest_route=%2Fwp%2Fv2%2Fmedia&parent=30"}],"curies":[{"name":"wp","href":"https:\/\/api.w.org\/{rel}","templated":true}]}}