{"id":53,"date":"2020-04-19T16:36:19","date_gmt":"2020-04-19T16:36:19","guid":{"rendered":"http:\/\/adam-kessler.de\/?page_id=53"},"modified":"2026-03-01T15:56:14","modified_gmt":"2026-03-01T15:56:14","slug":"datenschutzerklaerung","status":"publish","type":"page","link":"https:\/\/adam-kessler.de\/?page_id=53","title":{"rendered":"Datenschutzerkl\u00e4rung"},"content":{"rendered":"\n<p>Sehr geehrter Besucher meiner Internetseite,<br>ich m\u00f6chte Sie dar\u00fcber informieren, dass beim Besuch meiner Website personenbezogene Daten erhoben werden. Zu den personenbezogenen Daten geh\u00f6ren alle Daten, die auf Sie pers\u00f6nlich beziehbar sind (z. B. Name, E-Mail-Adresse, IP-Adresse, Nutzerverhalten).<\/p>\n\n\n\n<ol class=\"wp-block-list\">\n<li><strong>Datenschutzverantwortlicher:<\/strong><br>F\u00fcr den Datenschutz ist in meiner Praxis ist verantwortlich:<br>Herr Dr. Ulrich Adam-Ke\u00dfler<br>Wilhelminenhofstr. 18<br>12459 Berlin<br>030 \/ 53 00 03 76<br>therapie@adam-kessler.de<\/li>\n<\/ol>\n\n\n\n<p><\/p>\n\n\n\n<ol start=\"2\" class=\"wp-block-list\">\n<li><strong>Bereitstellung der Website und Erstellung von Logfiles:<\/strong><br>Meine Website dient ausschlie\u00dflich der Bereitstellung von Informationen \u00fcber meine Praxis, das Behandlungsspektrum und therapeutische M\u00f6glichkeiten bei verschiedenen Erkrankungen. Bei jedem Aufruf der Internetseite erfasst das System automatisiert Daten und Informationen vom Computersystem des aufrufenden Rechners.<br><br>Folgende Daten werden hierbei erhoben:<br>&#8211; IP-Adresse des Nutzers<br>&#8211; Datum und Uhrzeit der Anfrage sowie Zeitzone<br>&#8211; Inhalt der Anforderung (konkrete Seite)<br>&#8211; Website, von der die Anforderung kommt<br>&#8211; Art des Browsers sowie dessen Sprache und Version<br>&#8211; Betriebssystem<br>&#8211; Zugriffstatus\/http-Statuscode<br>&#8211; \u00dcbertragene Datenmenge<br>&#8211; Die Daten werden in Logfiles des Systems gespeichert. Die Erhebung dieser Daten ist notwendig, damit Sie meine Website angezeigt bekommen und auf ihr navigieren k\u00f6nnen. Rechtsgrundlage f\u00fcr die Erhebung und vor\u00fcbergehende Speicherung der Daten ist Art. 6 Abs. 1 lit. f DSGVO. Die L\u00f6schung dieser Daten erfolgt, wenn diese nicht mehr zur Bereitstellung der Website erforderlich sind bzw. die jeweilige Sitzung beendet ist.<\/li>\n<\/ol>\n\n\n\n<p><\/p>\n\n\n\n<ol start=\"3\" class=\"wp-block-list\">\n<li><strong>Ihre Rechte:<\/strong><br>Sie haben nach der DSGVO die folgenden Rechte hinsichtlich der von mir \u00fcber Sie verarbeiteten personenbezogenen Daten:<br><br>Sie haben das Recht, \u00fcber die Sie betreffenden personenbezogenen Daten Auskunft zu erhalten. Auch k\u00f6nnen Sie die Berichtigung unrichtiger Daten verlangen.<br><br>Dar\u00fcber hinaus steht Ihnen unter bestimmten Voraussetzungen das Recht auf L\u00f6schung von Daten, das Recht auf Einschr\u00e4nkung der Datenverarbeitung sowie das Recht auf Daten\u00fcbertragbarkeit zu.<br><br>Die Verarbeitung Ihrer Daten erfolgt auf Basis von gesetzlichen Berechtigungen oder \u2013 wo solche nicht bestehen \u2013 auf der Basis einer von Ihnen erteilten Einwilligung. Im letzteren Fall haben Sie das Recht, die Einwilligung jederzeit f\u00fcr die zuk\u00fcnftige Verar-beitung zu widerrufen.<br><br>Sie haben ferner das Recht, sich bei der f\u00fcr den Datenschutz zust\u00e4ndigen Aufsichtsbeh\u00f6rde zu beschweren, wenn Sie der Ansicht sind, dass die Verarbeitung Ihrer personenbezogenen Daten nicht rechtm\u00e4\u00dfig erfolgt.<br><br>Die Anschrift der f\u00fcr uns zust\u00e4ndigen Aufsichtsbeh\u00f6rde lautet:<br>Berliner Beauftragte f\u00fcr Datenschutz und Informationsfreiheit<br>Friedrichstra\u00dfe 219, 10969 Berlin<br>Telefon: 030-138890<\/li>\n<\/ol>\n\n\n\n<h2 class=\"wp-block-heading\">Kontaktaufnahme \u00fcber das Online-Formular<\/h2>\n\n\n\n<p>Wenn Sie das Online-Formular zur Kontaktaufnahme nutzen, werden die von Ihnen eingegebenen Daten zum Zweck der Pr\u00fcfung einer m\u00f6glichen Behandlung bzw. Diagnostik verarbeitet. Hierbei kann es sich auch um besondere Kategorien personenbezogener Daten (Gesundheitsdaten) handeln.<\/p>\n\n\n\n<p>Rechtsgrundlage f\u00fcr die Verarbeitung ist Ihre Einwilligung gem\u00e4\u00df Art. 6 Abs. 1 lit. a DSGVO sowie \u2013 soweit Gesundheitsdaten betroffen sind \u2013 Art. 9 Abs. 2 lit. a DSGVO.<\/p>\n\n\n\n<p>Die Daten werden ausschlie\u00dflich zur Bearbeitung Ihrer Anfrage verwendet. Sofern kein Behandlungsverh\u00e4ltnis zustande kommt, werden die Angaben nach angemessener Frist gel\u00f6scht.<\/p>\n\n\n\n<p>Die technische Bereitstellung des Formulars erfolgt \u00fcber die Praxissoftware Simpleprax. Mit dem Anbieter besteht ein Vertrag zur Auftragsverarbeitung gem\u00e4\u00df Art. 28 DSGVO.<\/p>\n","protected":false},"excerpt":{"rendered":"<p>Sehr geehrter Besucher meiner Internetseite,ich m\u00f6chte Sie dar\u00fcber informieren, dass beim Besuch meiner Website personenbezogene Daten erhoben werden. Zu den personenbezogenen Daten geh\u00f6ren alle Daten, die auf Sie pers\u00f6nlich beziehbar sind (z. B. Name, E-Mail-Adresse, IP-Adresse, Nutzerverhalten). Kontaktaufnahme \u00fcber das Online-Formular Wenn Sie das Online-Formular zur Kontaktaufnahme nutzen, werden die von Ihnen eingegebenen Daten zum &#8230; <a title=\"Datenschutzerkl\u00e4rung\" class=\"read-more\" href=\"https:\/\/adam-kessler.de\/?page_id=53\" aria-label=\"Mehr Informationen \u00fcber Datenschutzerkl\u00e4rung\">Weiterlesen<\/a><\/p>\n","protected":false},"author":1,"featured_media":0,"parent":0,"menu_order":0,"comment_status":"closed","ping_status":"closed","template":"","meta":{"footnotes":""},"class_list":["post-53","page","type-page","status-publish"],"_links":{"self":[{"href":"https:\/\/adam-kessler.de\/index.php?rest_route=\/wp\/v2\/pages\/53","targetHints":{"allow":["GET"]}}],"collection":[{"href":"https:\/\/adam-kessler.de\/index.php?rest_route=\/wp\/v2\/pages"}],"about":[{"href":"https:\/\/adam-kessler.de\/index.php?rest_route=\/wp\/v2\/types\/page"}],"author":[{"embeddable":true,"href":"https:\/\/adam-kessler.de\/index.php?rest_route=\/wp\/v2\/users\/1"}],"replies":[{"embeddable":true,"href":"https:\/\/adam-kessler.de\/index.php?rest_route=%2Fwp%2Fv2%2Fcomments&post=53"}],"version-history":[{"count":10,"href":"https:\/\/adam-kessler.de\/index.php?rest_route=\/wp\/v2\/pages\/53\/revisions"}],"predecessor-version":[{"id":661,"href":"https:\/\/adam-kessler.de\/index.php?rest_route=\/wp\/v2\/pages\/53\/revisions\/661"}],"wp:attachment":[{"href":"https:\/\/adam-kessler.de\/index.php?rest_route=%2Fwp%2Fv2%2Fmedia&parent=53"}],"curies":[{"name":"wp","href":"https:\/\/api.w.org\/{rel}","templated":true}]}}